{"id":2,"date":"2013-07-21T19:00:18","date_gmt":"2013-07-21T17:00:18","guid":{"rendered":"http:\/\/www.gezellicht.nl\/?page_id=2"},"modified":"2026-01-24T14:59:47","modified_gmt":"2026-01-24T12:59:47","slug":"about","status":"publish","type":"page","link":"https:\/\/www.moniquegermainescheers.nl\/","title":{"rendered":""},"content":{"rendered":"<p><img loading=\"lazy\" decoding=\"async\" src=\"https:\/\/www.moniquegermainescheers.nl\/wp-content\/uploads\/20201011_153647-1-1024x916.jpg\" alt=\"\" width=\"620\" height=\"555\" class=\"aligncenter size-large wp-image-7963\" srcset=\"https:\/\/www.moniquegermainescheers.nl\/wp-content\/uploads\/20201011_153647-1-1024x916.jpg 1024w, https:\/\/www.moniquegermainescheers.nl\/wp-content\/uploads\/20201011_153647-1-300x269.jpg 300w, https:\/\/www.moniquegermainescheers.nl\/wp-content\/uploads\/20201011_153647-1-768x687.jpg 768w, https:\/\/www.moniquegermainescheers.nl\/wp-content\/uploads\/20201011_153647-1-1536x1375.jpg 1536w, https:\/\/www.moniquegermainescheers.nl\/wp-content\/uploads\/20201011_153647-1-2048x1833.jpg 2048w, https:\/\/www.moniquegermainescheers.nl\/wp-content\/uploads\/20201011_153647-1-973x871.jpg 973w, https:\/\/www.moniquegermainescheers.nl\/wp-content\/uploads\/20201011_153647-1-508x455.jpg 508w\" sizes=\"auto, (max-width: 620px) 100vw, 620px\" \/><br \/>\n&nbsp;<\/p>\n<p style=\"text-align: center;\"><em> \u00a0<\/em>MONIQUE GERMAINE SCHEERS<\/p>\n<p style=\"text-align: center;\"><em> \u00a0<\/em>GERMON<\/p>\n<p style=\"text-align: center;\">* Zaandijk 1960<\/p>\n<p>&nbsp;<\/p>\n<p style=\"text-align: center;\"><em>. . . Mijn realiteit in de wereld van nu eens water en dan weer land, zilte geuren, zon, wind,\u00a0<\/em><\/p>\n<p style=\"text-align: center;\"><em> wolken en\u00a0<\/em><em>eindeloze verten, beheerst door de maan, het Levensritme&#8230;<\/em><strong>\u00a0 \u00a0 \u00a0 \u00a0 \u00a0 \u00a0 \u00a0 \u00a0 \u00a0 \u00a0 \u00a0 \u00a0 \u00a0 \u00a0 \u00a0<\/strong><\/p>\n<p style=\"text-align: center;\"><em>In dit gebied overleef jij en ik de wind niet zonder vleugels.<\/em><\/p>\n<p style=\"text-align: center;\"><em>Gevoelens van vreugde, vertrouwen, verdriet en vrees liggen daar verscholen.<\/em><\/p>\n<p style=\"text-align: center;\"><em>Er bestaat geen zekerheid, niet in de kleur, de vorm, de gedachten . . .<\/em><\/p>\n<p style=\"text-align: center;\"><strong>*********<\/strong><\/p>\n<p style=\"text-align: center;\"><strong>\u201dIk boetseer wat er op mijn pad komt\u2026 en al boetserend schilder ik\u2026\u201d<\/strong><\/p>\n<p>&nbsp;<\/p>\n<p style=\"text-align: center;\">Materialen: brons, olieverf, acrylverf, Al.cement, hout, foto&#8217;s en materialen gevonden tijdens wandelingen, reizen en strandjutten\u2026<\/p>\n<p style=\"text-align: center;\">Mijn bronzen hebben een fragile natuur, vaak de grond nauwelijks aanrakend, in evenwicht, de zwaartekracht tartend&#8230;<br \/>\nAls kind al aangetrokken tot het cre\u00ebren van vormen. Figuratief en door de jaren heen aangetrokken tot het abstraheren. De aantrekkingskracht van het weg laten is inzicht gevend. Niet alleen bij het onderwerp, ook bij het gebruik van de kleuren. Het weg denken van vaste regels om met kleur om te gaan en vandaar uit op ontdekking gaan maakt mijn wereld oneindig. Kijken door een nieuwe bril naar de wereld om mij heen.<br \/>\nSoms wordt een opkomend idee of gevonden object direct aanleiding voor een vers werk, maar ook bewaar ik het idee of object voor later of zelfs alleen omdat het mij interesseert, het draagt dan bij aan de sfeer waarin ik werk en versterkt ander werk in ontwikkeling. Meerdere leerjaren en\/of advies, Willem van Asperen, fotograaf en cineast, Toni Gerlach &#8211; beeldhouwer, Margo Hudig-Heldring-beeldhouwer-schilder,<br \/>\nTon van Kesteren schilder- beeldhouwer, Adriaan Blok van der Velden- schilder.<br \/>\nWerk van mijn hand over de grens: Engeland, Frankrijk, Ierland, Zweden, Itali\u00eb, Kroati\u00eb, Indonesi\u00eb&#8230;<br \/>\nSamengewerkt\/ge\u00ebxposeerd met o.a. Martha Zondervan, Baldi Dekker, Anton Shirkin, Ari\u00ebn van Waterland en Berry Kuiper.<\/p>\n<p>&nbsp;<\/p>\n<p style=\"text-align: center;\"><strong>Contact\/Mail: <a href=\"mailto:germon80@hotmail.com\">germon80@hotmail.com.<br \/>\n<em><\/em>  <\/a><\/strong><\/p>\n<p style=\"text-align: center;\"><strong> Voor mijn beeldrechten aangesloten bij: <a href=\"http:\/\/pictoright.nl\">Pictoright<\/a><\/strong><\/p>\n<p><strong>\u00a0 \u00a0 \u00a0 \u00a0 \u00a0<\/strong><\/p>\n<p><img loading=\"lazy\" decoding=\"async\" class=\"aligncenter size-large wp-image-3259\" src=\"https:\/\/www.moniquegermainescheers.nl\/wp-content\/uploads\/nhdmaart2016-024-1024x142.jpg\" alt=\"\" width=\"1024\" height=\"142\" srcset=\"https:\/\/www.moniquegermainescheers.nl\/wp-content\/uploads\/nhdmaart2016-024-1024x142.jpg 1024w, https:\/\/www.moniquegermainescheers.nl\/wp-content\/uploads\/nhdmaart2016-024-300x42.jpg 300w, https:\/\/www.moniquegermainescheers.nl\/wp-content\/uploads\/nhdmaart2016-024-768x106.jpg 768w\" sizes=\"auto, (max-width: 1024px) 100vw, 1024px\" \/><\/p>\n<p style=\"text-align: center;\"><em><strong>\u00a0 \u00a0 \u00a0 \u00a0 \u00a0 \u00a0 \u00a0 &#8221;familie geluk&#8230;&#8221; 2016<\/strong><\/em><\/p>\n<p style=\"text-align: center;\">olieverf op linnen\/paneel 240 x 30 cm,<\/p>\n<p style=\"text-align: center;\">te zien in de wachtkamer bij\u00a0 Dierenkliniek Enkhuizen.<\/p>\n<div class=\"mceTemp\" style=\"text-align: center;\"><\/div>\n<p style=\"text-align: center;\">\n","protected":false},"excerpt":{"rendered":"<p>&nbsp; \u00a0MONIQUE GERMAINE SCHEERS \u00a0GERMON * Zaandijk 1960 &nbsp; . . . Mijn realiteit in de wereld van nu eens water en dan weer land, zilte geuren, zon,&#8230;<\/p>\n","protected":false},"author":2,"featured_media":0,"parent":0,"menu_order":1,"comment_status":"closed","ping_status":"closed","template":"","meta":{"footnotes":""},"class_list":["post-2","page","type-page","status-publish","hentry"],"_links":{"self":[{"href":"https:\/\/www.moniquegermainescheers.nl\/index.php?rest_route=\/wp\/v2\/pages\/2","targetHints":{"allow":["GET"]}}],"collection":[{"href":"https:\/\/www.moniquegermainescheers.nl\/index.php?rest_route=\/wp\/v2\/pages"}],"about":[{"href":"https:\/\/www.moniquegermainescheers.nl\/index.php?rest_route=\/wp\/v2\/types\/page"}],"author":[{"embeddable":true,"href":"https:\/\/www.moniquegermainescheers.nl\/index.php?rest_route=\/wp\/v2\/users\/2"}],"replies":[{"embeddable":true,"href":"https:\/\/www.moniquegermainescheers.nl\/index.php?rest_route=%2Fwp%2Fv2%2Fcomments&post=2"}],"version-history":[{"count":389,"href":"https:\/\/www.moniquegermainescheers.nl\/index.php?rest_route=\/wp\/v2\/pages\/2\/revisions"}],"predecessor-version":[{"id":7841,"href":"https:\/\/www.moniquegermainescheers.nl\/index.php?rest_route=\/wp\/v2\/pages\/2\/revisions\/7841"}],"wp:attachment":[{"href":"https:\/\/www.moniquegermainescheers.nl\/index.php?rest_route=%2Fwp%2Fv2%2Fmedia&parent=2"}],"curies":[{"name":"wp","href":"https:\/\/api.w.org\/{rel}","templated":true}]}}